{"id":1020,"date":"2019-11-04T21:35:19","date_gmt":"2019-11-04T20:35:19","guid":{"rendered":"https:\/\/www.gleichcom.ch\/team\/"},"modified":"2024-12-09T14:22:14","modified_gmt":"2024-12-09T13:22:14","slug":"team","status":"publish","type":"page","link":"https:\/\/www.gleichcom.ch\/fr\/team\/","title":{"rendered":"Team et postes vacants"},"content":{"rendered":"<section class=\"wpb-content-wrapper\"><p>[vc_row][vc_column]<h3 class=\"eut-element eut-title eut-align-inherit eut-h3 eut-custom-font-1\" style=\"\"><span>Notre Team<\/span><\/h3>[vc_column_text]Gleichcom &#8211; votre partenaire pour la connexion des aides auditives techniques aux syst\u00e8mes auditifs.<br \/>\nGleichcom &#8211; votre conseiller en accessoires techniques pour aides visuelles.<\/p>\n<p>En tant qu&rsquo;entreprise g\u00e9r\u00e9e par ses propri\u00e9taires, Gleichcom et son \u00e9quipe sp\u00e9cialis\u00e9e s&rsquo;orientent vers des valeurs telles que l&rsquo;\u00e9coute active et la fiabilit\u00e9 dans la mise en \u0153uvre. Orient\u00e9e solutions et adapt\u00e9e aux besoins individuels des clients, Gleichcom modifie les aides techniques de mani\u00e8re cibl\u00e9e pour am\u00e9liorer l&rsquo;audition et la vision de ses clients.[\/vc_column_text][\/vc_column][\/vc_row][vc_row][vc_column][vc_column_text]<\/p>\n<h4><strong>Assistance en allemand et en anglais<\/strong><\/h4>\n<h4><a href=\"mailto:oliver.fuerthaler@gleichcom.ch\">oliver.fuerthaler@gleichcom.ch<\/a><\/h4>\n<h4><\/h4>\n<p>&nbsp;<\/p>\n<h4><\/h4>\n<h4><strong>Assistance en italien et en fran\u00e7ais\u00a0<\/strong><\/h4>\n<h4><a href=\"mailto:milena.gianferrari@gleichcom.ch\">milena.gianferrari@gleichcom.ch<\/a><\/h4>\n<h4><\/h4>\n<h4><\/h4>\n<h4><strong>\u00a0<\/strong><\/h4>\n<h4><a href=\"https:\/\/shop.gleichcom.ch\/\">Visitez notre boutique en ligne<\/a><\/h4>\n<p>[\/vc_column_text][\/vc_column][\/vc_row][vc_row padding_top_multiplier=\u00a0\u00bb4x\u00a0\u00bb padding_bottom_multiplier=\u00a0\u00bb4x\u00a0\u00bb rc_heading_color=\u00a0\u00bblight\u00a0\u00bb rc_bg_type=\u00a0\u00bbimage\u00a0\u00bb rc_bg_image=\u00a0\u00bb608&Prime; rc_bg_image_type=\u00a0\u00bbparallax\u00a0\u00bb rc_bg_color_overlay=\u00a0\u00bbcustom\u00a0\u00bb rc_bg_color_overlay_custom=\u00a0\u00bbrgba(54,82,156,0.75)\u00a0\u00bb rc_bg_image_scroll_effect=\u00a0\u00bbopacity-scroll-effect\u00a0\u00bb rc_bg_image_scroll_effect_offset=\u00a0\u00bb40&Prime; rc_bg_color=\u00a0\u00bb#36529c\u00a0\u00bb rc_font_color=\u00a0\u00bb#ffffff\u00a0\u00bb section_id=\u00a0\u00bboffene-stellen\u00a0\u00bb][vc_column width=\u00a0\u00bb1\/2&Prime; vertical_content_position=\u00a0\u00bbmiddle\u00a0\u00bb]<h3 class=\"eut-element eut-title eut-align-inherit eut-h3\" style=\"\"><span>Postes vacants<\/span><\/h3>[vc_column_text]Les solutions sp\u00e9ciales n\u00e9cessitent des personnes sp\u00e9ciales. Aspirez-vous aussi \u00e0 faciliter la vie quotidienne des personnes pr\u00e9sentant un handicap? En tant que premier fournisseur de moyens auxiliaires en Suisse dans un march\u00e9 en pleine croissance, nous sommes \u00e0 la recherche de nouveaux collaborateurs pour renforcer notre \u00e9quipe. Nous vendons, distribuons, conseillons et repr\u00e9sentons divers produits de fabricants connus et innovants. Sur mandats des offices AI, nous intervenons aupr\u00e8s des personnes pr\u00e9sentant un handicap, afin de les int\u00e9grer sur le plan professionnel. Nous offrons des conseils \u00e0 domicile ou dans diff\u00e9rents centres de conseil dans toute la Suisse.<\/p>\n<p>Notre travail se caract\u00e9rise par la grande diversit\u00e9 des t\u00e2ches, au sein d\u2019une petite \u00e9quipe soud\u00e9e. En plus des affaires courantes, vous \u00eates pr\u00eat \u00e0 repr\u00e9senter notre entreprise lors de foires et de manifestations commerciales.<\/p>\n<p>Avez-vous aussi envie de faire quelque chose d\u2019exceptionnel pour les personnes pr\u00e9sentant un handicap?[\/vc_column_text][\/vc_column][vc_column width=\u00a0\u00bb1\/2&Prime;][vc_column_text]<\/p>\n<h4><\/h4>\n<h4><\/h4>\n<h4><\/h4>\n<h4 style=\"text-align: center;\"><strong>Nous n&rsquo;avons actuellement <\/strong><\/h4>\n<h4 style=\"text-align: center;\"><strong>aucun poste vacant.<\/strong><\/h4>\n<p>[\/vc_column_text][\/vc_column][\/vc_row]<\/p>\n<\/section>","protected":false},"excerpt":{"rendered":"<p>[vc_row][vc_column][vc_column_text]Gleichcom &#8211; votre partenaire pour la connexion des aides auditives techniques aux syst\u00e8mes auditifs. Gleichcom &#8211; votre conseiller en accessoires techniques pour aides visuelles. En tant qu&rsquo;entreprise g\u00e9r\u00e9e par ses [&hellip;]<\/p>\n","protected":false},"author":9,"featured_media":0,"parent":0,"menu_order":0,"comment_status":"closed","ping_status":"closed","template":"","meta":{"footnotes":""},"class_list":["post-1020","page","type-page","status-publish","hentry"],"_links":{"self":[{"href":"https:\/\/www.gleichcom.ch\/fr\/wp-json\/wp\/v2\/pages\/1020","targetHints":{"allow":["GET"]}}],"collection":[{"href":"https:\/\/www.gleichcom.ch\/fr\/wp-json\/wp\/v2\/pages"}],"about":[{"href":"https:\/\/www.gleichcom.ch\/fr\/wp-json\/wp\/v2\/types\/page"}],"author":[{"embeddable":true,"href":"https:\/\/www.gleichcom.ch\/fr\/wp-json\/wp\/v2\/users\/9"}],"replies":[{"embeddable":true,"href":"https:\/\/www.gleichcom.ch\/fr\/wp-json\/wp\/v2\/comments?post=1020"}],"version-history":[{"count":3,"href":"https:\/\/www.gleichcom.ch\/fr\/wp-json\/wp\/v2\/pages\/1020\/revisions"}],"predecessor-version":[{"id":2567,"href":"https:\/\/www.gleichcom.ch\/fr\/wp-json\/wp\/v2\/pages\/1020\/revisions\/2567"}],"wp:attachment":[{"href":"https:\/\/www.gleichcom.ch\/fr\/wp-json\/wp\/v2\/media?parent=1020"}],"curies":[{"name":"wp","href":"https:\/\/api.w.org\/{rel}","templated":true}]}}