{"id":1077,"date":"2019-11-27T16:45:16","date_gmt":"2019-11-27T15:45:16","guid":{"rendered":"https:\/\/www.gleichcom.ch\/salle-dexposition\/"},"modified":"2024-11-11T15:28:04","modified_gmt":"2024-11-11T14:28:04","slug":"salle-dexposition","status":"publish","type":"page","link":"https:\/\/www.gleichcom.ch\/fr\/salle-dexposition\/","title":{"rendered":"Salle d&rsquo;exposition"},"content":{"rendered":"<section class=\"wpb-content-wrapper\"><p>[vc_row padding_top_multiplier=\u00a0\u00bb2x\u00a0\u00bb][vc_column][vc_column_text]<\/p>\n<h3>Bienvenue dans notre showroom \u00e0 H\u00fcnenberg \/ ZG<\/h3>\n<p>Vous \u00eates invit\u00e9s \u00e0 avoir une id\u00e9e de ce que vous pouvez attendre de nous dans les images suivantes.<br \/>\nAutour d&rsquo;une tasse de caf\u00e9, vous pouvez tester et exp\u00e9rimenter nos produits dans une atmosph\u00e8re conviviale.<\/p>\n<p>Veuillez vous inscrire \u00e0 l&rsquo;avance par t\u00e9l\u00e9phone ou par e-mail afin que nous puissions pr\u00e9parer votre visite de la meilleure fa\u00e7on possible.[\/vc_column_text][\/vc_column][\/vc_row][vc_row padding_bottom_multiplier=\u00a0\u00bb2x\u00a0\u00bb][vc_column]<div class=\"eut-element eut-gallery eut-isotope eut-gallery-popup eut-with-gap\" style=\"\" data-columns=\"3\" data-columns-large-screen=\"3\" data-columns-tablet-landscape=\"2\" data-columns-tablet-portrait=\"2\" data-columns-mobile=\"1\" data-layout=\"fitRows\" data-gutter-size=\"40\">  <div class=\"eut-isotope-container\"><div class=\"eut-isotope-item eut-hover-item eut-hover-style-none\"><div class=\"eut-isotope-item-inner eut-zoom-in\">  <figure class=\"eut-image-hover\"><a class=\"eut-item-url\" href=\"https:\/\/www.gleichcom.ch\/wp-content\/uploads\/2019\/11\/Telefone.jpg\"  data-size=\"1000x662\"><\/a><div class=\"eut-hover-overlay eut-bg-light eut-opacity-90\"><\/div><div class=\"eut-media\"><div class=\"eut-thumbnail-wrapper\"><div class=\"eut-thumbnail\"  style=\"padding-top: 100%;\"><img decoding=\"async\" width=\"560\" height=\"560\" src=\"https:\/\/www.gleichcom.ch\/wp-content\/uploads\/2019\/11\/Telefone-560x560.jpg\" class=\"attachment-crocal-eutf-small-square size-crocal-eutf-small-square eut-lazy-load lazyload\" alt=\"\" data-lazyload=\"auto\" data-eutf-filter=\"yes\" srcset=\"https:\/\/www.gleichcom.ch\/wp-content\/themes\/crocal\/images\/empty\/empty.png\" data-src=\"https:\/\/www.gleichcom.ch\/wp-content\/uploads\/2019\/11\/Telefone-560x560.jpg\" data-sizes=\"auto\" data-srcset=\"https:\/\/www.gleichcom.ch\/wp-content\/uploads\/2019\/11\/Telefone-560x560.jpg 560w, https:\/\/www.gleichcom.ch\/wp-content\/uploads\/2019\/11\/Telefone-150x150.jpg 150w\" data-expand=\"1\" \/><\/div><\/div><\/div>  <\/figure><\/div><\/div><div class=\"eut-isotope-item eut-hover-item eut-hover-style-none\"><div class=\"eut-isotope-item-inner eut-zoom-in\">  <figure class=\"eut-image-hover\"><a class=\"eut-item-url\" href=\"https:\/\/www.gleichcom.ch\/wp-content\/uploads\/2019\/11\/Showroom-1.jpg\"  data-size=\"1000x662\"><\/a><div class=\"eut-hover-overlay eut-bg-light eut-opacity-90\"><\/div><div class=\"eut-media\"><div class=\"eut-thumbnail-wrapper\"><div class=\"eut-thumbnail\"  style=\"padding-top: 100%;\"><img decoding=\"async\" width=\"560\" height=\"560\" src=\"https:\/\/www.gleichcom.ch\/wp-content\/uploads\/2019\/11\/Showroom-1-560x560.jpg\" class=\"attachment-crocal-eutf-small-square size-crocal-eutf-small-square eut-lazy-load lazyload\" alt=\"\" data-lazyload=\"auto\" data-eutf-filter=\"yes\" srcset=\"https:\/\/www.gleichcom.ch\/wp-content\/themes\/crocal\/images\/empty\/empty.png\" data-src=\"https:\/\/www.gleichcom.ch\/wp-content\/uploads\/2019\/11\/Showroom-1-560x560.jpg\" data-sizes=\"auto\" data-srcset=\"https:\/\/www.gleichcom.ch\/wp-content\/uploads\/2019\/11\/Showroom-1-560x560.jpg 560w, https:\/\/www.gleichcom.ch\/wp-content\/uploads\/2019\/11\/Showroom-1-150x150.jpg 150w\" data-expand=\"1\" \/><\/div><\/div><\/div>  <\/figure><\/div><\/div><div class=\"eut-isotope-item eut-hover-item eut-hover-style-none\"><div class=\"eut-isotope-item-inner eut-zoom-in\">  <figure class=\"eut-image-hover\"><a class=\"eut-item-url\" href=\"https:\/\/www.gleichcom.ch\/wp-content\/uploads\/2019\/11\/Showroom.jpg\"  data-size=\"1000x662\"><\/a><div class=\"eut-hover-overlay eut-bg-light eut-opacity-90\"><\/div><div class=\"eut-media\"><div class=\"eut-thumbnail-wrapper\"><div class=\"eut-thumbnail\"  style=\"padding-top: 100%;\"><img decoding=\"async\" width=\"560\" height=\"560\" src=\"https:\/\/www.gleichcom.ch\/wp-content\/uploads\/2019\/11\/Showroom-560x560.jpg\" class=\"attachment-crocal-eutf-small-square size-crocal-eutf-small-square eut-lazy-load lazyload\" alt=\"\" data-lazyload=\"auto\" data-eutf-filter=\"yes\" srcset=\"https:\/\/www.gleichcom.ch\/wp-content\/themes\/crocal\/images\/empty\/empty.png\" data-src=\"https:\/\/www.gleichcom.ch\/wp-content\/uploads\/2019\/11\/Showroom-560x560.jpg\" data-sizes=\"auto\" data-srcset=\"https:\/\/www.gleichcom.ch\/wp-content\/uploads\/2019\/11\/Showroom-560x560.jpg 560w, https:\/\/www.gleichcom.ch\/wp-content\/uploads\/2019\/11\/Showroom-150x150.jpg 150w\" data-expand=\"1\" \/><\/div><\/div><\/div>  <\/figure><\/div><\/div><div class=\"eut-isotope-item eut-hover-item eut-hover-style-none\"><div class=\"eut-isotope-item-inner eut-zoom-in\">  <figure class=\"eut-image-hover\"><a class=\"eut-item-url\" href=\"https:\/\/www.gleichcom.ch\/wp-content\/uploads\/2019\/11\/Gang.jpg\"  data-size=\"1000x662\"><\/a><div class=\"eut-hover-overlay eut-bg-light eut-opacity-90\"><\/div><div class=\"eut-media\"><div class=\"eut-thumbnail-wrapper\"><div class=\"eut-thumbnail\"  style=\"padding-top: 100%;\"><img decoding=\"async\" width=\"560\" height=\"560\" src=\"https:\/\/www.gleichcom.ch\/wp-content\/uploads\/2019\/11\/Gang-560x560.jpg\" class=\"attachment-crocal-eutf-small-square size-crocal-eutf-small-square eut-lazy-load lazyload\" alt=\"\" data-lazyload=\"auto\" data-eutf-filter=\"yes\" srcset=\"https:\/\/www.gleichcom.ch\/wp-content\/themes\/crocal\/images\/empty\/empty.png\" data-src=\"https:\/\/www.gleichcom.ch\/wp-content\/uploads\/2019\/11\/Gang-560x560.jpg\" data-sizes=\"auto\" data-srcset=\"https:\/\/www.gleichcom.ch\/wp-content\/uploads\/2019\/11\/Gang-560x560.jpg 560w, https:\/\/www.gleichcom.ch\/wp-content\/uploads\/2019\/11\/Gang-150x150.jpg 150w\" data-expand=\"1\" \/><\/div><\/div><\/div>  <\/figure><\/div><\/div><div class=\"eut-isotope-item eut-hover-item eut-hover-style-none\"><div class=\"eut-isotope-item-inner eut-zoom-in\">  <figure class=\"eut-image-hover\"><a class=\"eut-item-url\" href=\"https:\/\/www.gleichcom.ch\/wp-content\/uploads\/2019\/11\/Eschenbach-2.jpg\"  data-size=\"1000x662\"><\/a><div class=\"eut-hover-overlay eut-bg-light eut-opacity-90\"><\/div><div class=\"eut-media\"><div class=\"eut-thumbnail-wrapper\"><div class=\"eut-thumbnail\"  style=\"padding-top: 100%;\"><img decoding=\"async\" width=\"560\" height=\"560\" src=\"https:\/\/www.gleichcom.ch\/wp-content\/uploads\/2019\/11\/Eschenbach-2-560x560.jpg\" class=\"attachment-crocal-eutf-small-square size-crocal-eutf-small-square eut-lazy-load lazyload\" alt=\"\" data-lazyload=\"auto\" data-eutf-filter=\"yes\" srcset=\"https:\/\/www.gleichcom.ch\/wp-content\/themes\/crocal\/images\/empty\/empty.png\" data-src=\"https:\/\/www.gleichcom.ch\/wp-content\/uploads\/2019\/11\/Eschenbach-2-560x560.jpg\" data-sizes=\"auto\" data-srcset=\"https:\/\/www.gleichcom.ch\/wp-content\/uploads\/2019\/11\/Eschenbach-2-560x560.jpg 560w, https:\/\/www.gleichcom.ch\/wp-content\/uploads\/2019\/11\/Eschenbach-2-150x150.jpg 150w\" data-expand=\"1\" \/><\/div><\/div><\/div>  <\/figure><\/div><\/div><div class=\"eut-isotope-item eut-hover-item eut-hover-style-none\"><div class=\"eut-isotope-item-inner eut-zoom-in\">  <figure class=\"eut-image-hover\"><a class=\"eut-item-url\" href=\"https:\/\/www.gleichcom.ch\/wp-content\/uploads\/2019\/11\/Eschenbach.jpg\"  data-size=\"662x1000\"><\/a><div class=\"eut-hover-overlay eut-bg-light eut-opacity-90\"><\/div><div class=\"eut-media\"><div class=\"eut-thumbnail-wrapper\"><div class=\"eut-thumbnail\"  style=\"padding-top: 100%;\"><img decoding=\"async\" width=\"560\" height=\"560\" src=\"https:\/\/www.gleichcom.ch\/wp-content\/uploads\/2019\/11\/Eschenbach-560x560.jpg\" class=\"attachment-crocal-eutf-small-square size-crocal-eutf-small-square eut-lazy-load lazyload\" alt=\"\" data-lazyload=\"auto\" data-eutf-filter=\"yes\" srcset=\"https:\/\/www.gleichcom.ch\/wp-content\/themes\/crocal\/images\/empty\/empty.png\" data-src=\"https:\/\/www.gleichcom.ch\/wp-content\/uploads\/2019\/11\/Eschenbach-560x560.jpg\" data-sizes=\"auto\" data-srcset=\"https:\/\/www.gleichcom.ch\/wp-content\/uploads\/2019\/11\/Eschenbach-560x560.jpg 560w, https:\/\/www.gleichcom.ch\/wp-content\/uploads\/2019\/11\/Eschenbach-150x150.jpg 150w\" data-expand=\"1\" \/><\/div><\/div><\/div>  <\/figure><\/div><\/div>  <\/div><\/div>[\/vc_column][\/vc_row]<\/p>\n<\/section>","protected":false},"excerpt":{"rendered":"<p>[vc_row padding_top_multiplier=\u00a0\u00bb2x\u00a0\u00bb][vc_column][vc_column_text] Bienvenue dans notre showroom \u00e0 H\u00fcnenberg \/ ZG Vous \u00eates invit\u00e9s \u00e0 avoir une id\u00e9e de ce que vous pouvez attendre de nous dans les images suivantes. Autour [&hellip;]<\/p>\n","protected":false},"author":9,"featured_media":0,"parent":0,"menu_order":0,"comment_status":"closed","ping_status":"closed","template":"","meta":{"footnotes":""},"class_list":["post-1077","page","type-page","status-publish","hentry"],"_links":{"self":[{"href":"https:\/\/www.gleichcom.ch\/fr\/wp-json\/wp\/v2\/pages\/1077","targetHints":{"allow":["GET"]}}],"collection":[{"href":"https:\/\/www.gleichcom.ch\/fr\/wp-json\/wp\/v2\/pages"}],"about":[{"href":"https:\/\/www.gleichcom.ch\/fr\/wp-json\/wp\/v2\/types\/page"}],"author":[{"embeddable":true,"href":"https:\/\/www.gleichcom.ch\/fr\/wp-json\/wp\/v2\/users\/9"}],"replies":[{"embeddable":true,"href":"https:\/\/www.gleichcom.ch\/fr\/wp-json\/wp\/v2\/comments?post=1077"}],"version-history":[{"count":3,"href":"https:\/\/www.gleichcom.ch\/fr\/wp-json\/wp\/v2\/pages\/1077\/revisions"}],"predecessor-version":[{"id":2379,"href":"https:\/\/www.gleichcom.ch\/fr\/wp-json\/wp\/v2\/pages\/1077\/revisions\/2379"}],"wp:attachment":[{"href":"https:\/\/www.gleichcom.ch\/fr\/wp-json\/wp\/v2\/media?parent=1077"}],"curies":[{"name":"wp","href":"https:\/\/api.w.org\/{rel}","templated":true}]}}