{"id":2107,"date":"2023-07-06T21:18:47","date_gmt":"2023-07-06T19:18:47","guid":{"rendered":"https:\/\/www.gleichcom.ch\/impressum\/"},"modified":"2024-11-26T11:41:37","modified_gmt":"2024-11-26T10:41:37","slug":"impressum","status":"publish","type":"page","link":"https:\/\/www.gleichcom.ch\/fr\/impressum\/","title":{"rendered":"Impressum"},"content":{"rendered":"<section class=\"wpb-content-wrapper\"><p>[vc_row][vc_column][vc_column_text]<\/p>\n<h2>Soci\u00e9t\u00e9 et Copyright<\/h2>\n<p>Le copyright pour tout le contenu de ce site web appartient \u00e0 :<\/p>\n<p>Gleichcom AG<\/p>\n<h3>Adresse Postale:<\/h3>\n<p>Gleichcom AG<br \/>\nB\u00f6sch 82<br \/>\n6331 H\u00fcnenberg<\/p>\n<h3>Contact:<\/h3>\n<p>T\u00e9l\u00e9phone: 041 783 00 80<br \/>\nE-Mail: <a href=\"mailto:info@gleichcom.ch\">info@gleichcom.ch<\/a><\/p>\n<h3>Repr\u00e9sent\u00e9 par:<\/h3>\n<p>Oliver F\u00fcrthaler<br \/>\nDirecteur g\u00e9n\u00e9ral<\/p>\n<h3>Inscrit au registre du commerce:<\/h3>\n<p>Canton Zug<br \/>\nCHE-109.078.204<\/p>\n<h3>Numero TVA<\/h3>\n<p>CHE-109.078.204 MWST<\/p>\n<h2>Remarques sur le site web<\/h2>\n<h3>Gestion du site web<\/h3>\n<p><a href=\"https:\/\/www.websamurai.ch\/\">Web\u00adsa\u00admu\u00adrai AG<\/a><br \/>\nSchachenalle 29<br \/>\n5000 Aarau<\/p>\n<p>et<\/p>\n<p>Seestrasse 95<br \/>\n8800 Thalwil<\/p>\n<h2>Informations sur les droits d&rsquo;auteur<\/h2>\n<p>Les droits d&rsquo;auteur pour tous les contenus de ce site web appartiennent \u00e0 Gleichcom AG.<\/p>\n<h3>Responsable du contenu journalistique &#8211; r\u00e9dactionnel Gleichcom AG :<\/h3>\n<p>Tous les textes et liens ont \u00e9t\u00e9 soigneusement v\u00e9rifi\u00e9s et sont actualis\u00e9s en permanence. Nous nous effor\u00e7ons de fournir des informations correctes et compl\u00e8tes sur ce site web, mais nous n&rsquo;assumons aucune responsabilit\u00e9, garantie ou responsabilit\u00e9 quant \u00e0 l&rsquo;exactitude, l&rsquo;exhaustivit\u00e9 ou l&rsquo;actualit\u00e9 des informations fournies par ce site web. Nous nous r\u00e9servons le droit de modifier \u00e0 tout moment et sans pr\u00e9avis les informations contenues dans ce site web et nous ne nous engageons pas non plus \u00e0 mettre \u00e0 jour les informations contenues. L&rsquo;exactitude de tous les liens vers des fournisseurs externes a \u00e9t\u00e9 v\u00e9rifi\u00e9e au moment de leur inclusion, mais nous ne sommes pas responsables du contenu et de la disponibilit\u00e9 des sites web accessibles par des hyperliens. Seul le fournisseur de la page \u00e0 laquelle il a \u00e9t\u00e9 fait r\u00e9f\u00e9rence est responsable des contenus ill\u00e9gaux, erron\u00e9s ou incomplets et en particulier des dommages caus\u00e9s par les contenus des pages li\u00e9es. Peu importe que le dommage soit de nature directe, indirecte ou financi\u00e8re ou qu&rsquo;il s&rsquo;agisse d&rsquo;un autre dommage qui pourrait r\u00e9sulter d&rsquo;une perte de donn\u00e9es, d&rsquo;une perte d&rsquo;utilisation ou d&rsquo;autres raisons de toute nature.<\/p>\n<h2>Information selon la VSBG<\/h2>\n<p>Conform\u00e9ment \u00e0 la VSBG (loi sur le r\u00e8glement des litiges de consommation &#8211; loi sur le r\u00e8glement alternatif des litiges de consommation), l&rsquo;exploitant de ce site Internet d\u00e9clare :<\/p>\n<p>Nous ne sommes ni pr\u00eats ni oblig\u00e9s de participer \u00e0 des proc\u00e9dures de r\u00e8glement des litiges devant un organisme de conciliation des consommateurs.<\/p>\n<h2>D\u00e9claration de protection des donn\u00e9es<\/h2>\n<p>Apprenez-en plus, lisez notre d\u00e9claration de <a href=\"https:\/\/www.gleichcom.ch\/fr\/?page_id=2089\">protection des donn\u00e9ees<\/a>[\/vc_column_text][\/vc_column][\/vc_row]<\/p>\n<\/section>","protected":false},"excerpt":{"rendered":"<p>[vc_row][vc_column][vc_column_text] Soci\u00e9t\u00e9 et Copyright Le copyright pour tout le contenu de ce site web appartient \u00e0 : Gleichcom AG Adresse Postale: Gleichcom AG B\u00f6sch 82 6331 H\u00fcnenberg Contact: T\u00e9l\u00e9phone: 041 [&hellip;]<\/p>\n","protected":false},"author":4,"featured_media":2132,"parent":0,"menu_order":0,"comment_status":"closed","ping_status":"closed","template":"","meta":{"footnotes":""},"class_list":["post-2107","page","type-page","status-publish","has-post-thumbnail","hentry"],"_links":{"self":[{"href":"https:\/\/www.gleichcom.ch\/fr\/wp-json\/wp\/v2\/pages\/2107","targetHints":{"allow":["GET"]}}],"collection":[{"href":"https:\/\/www.gleichcom.ch\/fr\/wp-json\/wp\/v2\/pages"}],"about":[{"href":"https:\/\/www.gleichcom.ch\/fr\/wp-json\/wp\/v2\/types\/page"}],"author":[{"embeddable":true,"href":"https:\/\/www.gleichcom.ch\/fr\/wp-json\/wp\/v2\/users\/4"}],"replies":[{"embeddable":true,"href":"https:\/\/www.gleichcom.ch\/fr\/wp-json\/wp\/v2\/comments?post=2107"}],"version-history":[{"count":3,"href":"https:\/\/www.gleichcom.ch\/fr\/wp-json\/wp\/v2\/pages\/2107\/revisions"}],"predecessor-version":[{"id":2443,"href":"https:\/\/www.gleichcom.ch\/fr\/wp-json\/wp\/v2\/pages\/2107\/revisions\/2443"}],"wp:featuredmedia":[{"embeddable":true,"href":"https:\/\/www.gleichcom.ch\/fr\/wp-json\/wp\/v2\/media\/2132"}],"wp:attachment":[{"href":"https:\/\/www.gleichcom.ch\/fr\/wp-json\/wp\/v2\/media?parent=2107"}],"curies":[{"name":"wp","href":"https:\/\/api.w.org\/{rel}","templated":true}]}}